{"id":1345,"date":"2022-07-19T09:19:19","date_gmt":"2022-07-19T14:19:19","guid":{"rendered":"https:\/\/parquedelavida.co\/parquedelavida\/?page_id=1345"},"modified":"2024-06-18T17:42:16","modified_gmt":"2024-06-18T22:42:16","slug":"servicios","status":"publish","type":"page","link":"https:\/\/parquedelavida.co\/parquedelavida\/servicios\/","title":{"rendered":"SERVICIOS"},"content":{"rendered":"[vc_row type=&#8221;in_container&#8221; full_screen_row_position=&#8221;middle&#8221; column_margin=&#8221;default&#8221; column_direction=&#8221;default&#8221; column_direction_tablet=&#8221;default&#8221; column_direction_phone=&#8221;default&#8221; bg_color=&#8221;#ffa400&#8243; scene_position=&#8221;center&#8221; bottom_padding=&#8221;0&#8243; top_padding_tablet=&#8221;5&#8243; top_padding_phone=&#8221;5&#8243; text_color=&#8221;dark&#8221; text_align=&#8221;left&#8221; row_border_radius=&#8221;none&#8221; row_border_radius_applies=&#8221;bg&#8221; overflow=&#8221;visible&#8221; advanced_gradient_angle=&#8221;0&#8243; overlay_strength=&#8221;0.3&#8243; gradient_direction=&#8221;left_to_right&#8221; shape_divider_position=&#8221;bottom&#8221; bg_image_animation=&#8221;none&#8221; gradient_type=&#8221;default&#8221; shape_type=&#8221;&#8221;][vc_column column_padding=&#8221;no-extra-padding&#8221; column_padding_tablet=&#8221;inherit&#8221; column_padding_phone=&#8221;inherit&#8221; column_padding_position=&#8221;all&#8221; column_element_spacing=&#8221;default&#8221; background_color=&#8221;#f7f7f7&#8243; background_color_opacity=&#8221;1&#8243; background_hover_color_opacity=&#8221;1&#8243; column_shadow=&#8221;none&#8221; column_border_radius=&#8221;none&#8221; column_link_target=&#8221;_self&#8221; column_position=&#8221;default&#8221; advanced_gradient_angle=&#8221;0&#8243; gradient_direction=&#8221;left_to_right&#8221; overlay_strength=&#8221;0.3&#8243; width=&#8221;1\/1&#8243; tablet_width_inherit=&#8221;default&#8221; tablet_text_alignment=&#8221;default&#8221; phone_text_alignment=&#8221;default&#8221; animation_type=&#8221;default&#8221; bg_image_animation=&#8221;none&#8221; border_type=&#8221;simple&#8221; column_border_width=&#8221;none&#8221; column_border_style=&#8221;solid&#8221; gradient_type=&#8221;default&#8221;][vc_column_text css=&#8221;.vc_custom_1658240370270{padding-top: 35px !important;padding-bottom: 35px !important;}&#8221;]\n<h1 style=\"color: #752157; font-weight: bold; text-align: center;\">Servicios<\/h1>\n[\/vc_column_text][\/vc_column][\/vc_row][vc_row type=&#8221;in_container&#8221; full_screen_row_position=&#8221;middle&#8221; column_margin=&#8221;default&#8221; column_direction=&#8221;default&#8221; column_direction_tablet=&#8221;default&#8221; column_direction_phone=&#8221;default&#8221; scene_position=&#8221;center&#8221; text_color=&#8221;dark&#8221; text_align=&#8221;left&#8221; row_border_radius=&#8221;none&#8221; row_border_radius_applies=&#8221;bg&#8221; overflow=&#8221;visible&#8221; advanced_gradient_angle=&#8221;0&#8243; overlay_strength=&#8221;0.3&#8243; gradient_direction=&#8221;left_to_right&#8221; shape_divider_position=&#8221;bottom&#8221; bg_image_animation=&#8221;none&#8221; gradient_type=&#8221;default&#8221; shape_type=&#8221;&#8221;][vc_column column_padding=&#8221;no-extra-padding&#8221; column_padding_tablet=&#8221;inherit&#8221; column_padding_phone=&#8221;inherit&#8221; column_padding_position=&#8221;all&#8221; column_element_spacing=&#8221;default&#8221; background_color_opacity=&#8221;1&#8243; background_hover_color_opacity=&#8221;1&#8243; column_shadow=&#8221;none&#8221; column_border_radius=&#8221;none&#8221; column_link_target=&#8221;_self&#8221; column_position=&#8221;default&#8221; gradient_direction=&#8221;left_to_right&#8221; overlay_strength=&#8221;0.3&#8243; width=&#8221;1\/1&#8243; tablet_width_inherit=&#8221;default&#8221; tablet_text_alignment=&#8221;default&#8221; phone_text_alignment=&#8221;default&#8221; animation_type=&#8221;default&#8221; bg_image_animation=&#8221;none&#8221; border_type=&#8221;simple&#8221; column_border_width=&#8221;none&#8221; column_border_style=&#8221;solid&#8221;][tabbed_section style=&#8221;material&#8221; alignment=&#8221;left&#8221; spacing=&#8221;default&#8221; tab_color=&#8221;Extra-Color-1&#8243; vs_content_animation=&#8221;fade&#8221; vs_link_animation=&#8221;opacity&#8221; vs_navigation_alignment=&#8221;left&#8221; vs_navigation_width_2=&#8221;25%&#8221; vs_navigation_func=&#8221;default&#8221; vs_navigation_width=&#8221;regular&#8221; vs_navigation_spacing=&#8221;15px&#8221; vs_navigation_mobile_display=&#8221;visible&#8221; vs_tab_spacing=&#8221;5%&#8221; icon_size=&#8221;24&#8243;][tab icon_family=&#8221;none&#8221; title=&#8221;Sala de Lectura Diversa&#8221; id=&#8221;1718750276963-8&#8243; tab_id=&#8221;1718750276964-1&#8243;][vc_row_inner column_margin=&#8221;default&#8221; column_direction=&#8221;default&#8221; column_direction_tablet=&#8221;default&#8221; column_direction_phone=&#8221;default&#8221; text_align=&#8221;left&#8221; row_position=&#8221;default&#8221; row_position_tablet=&#8221;inherit&#8221; row_position_phone=&#8221;inherit&#8221; overflow=&#8221;visible&#8221; pointer_events=&#8221;all&#8221;][vc_column_inner column_padding=&#8221;no-extra-padding&#8221; column_padding_tablet=&#8221;inherit&#8221; column_padding_phone=&#8221;inherit&#8221; column_padding_position=&#8221;all&#8221; column_element_spacing=&#8221;default&#8221; background_color_opacity=&#8221;1&#8243; background_hover_color_opacity=&#8221;1&#8243; column_shadow=&#8221;none&#8221; column_border_radius=&#8221;none&#8221; column_link_target=&#8221;_self&#8221; gradient_direction=&#8221;left_to_right&#8221; overlay_strength=&#8221;0.3&#8243; width=&#8221;2\/3&#8243; tablet_width_inherit=&#8221;default&#8221; animation_type=&#8221;default&#8221; bg_image_animation=&#8221;none&#8221; border_type=&#8221;simple&#8221; column_border_width=&#8221;none&#8221; column_border_style=&#8221;solid&#8221;][image_with_animation image_url=&#8221;2608&#8243; image_size=&#8221;full&#8221; animation_type=&#8221;entrance&#8221; animation=&#8221;Fade In&#8221; hover_animation=&#8221;none&#8221; alignment=&#8221;&#8221; border_radius=&#8221;none&#8221; box_shadow=&#8221;none&#8221; image_loading=&#8221;default&#8221; max_width=&#8221;100%&#8221; max_width_mobile=&#8221;default&#8221;][vc_column_text]<strong>\u00a0<\/strong>En el Parque de la Vida, tenemos un espacio virtual para el reconocimiento de la diversidad, el encuentro y el di\u00e1logo de saberes: nuestra\u00a0<b>Sala de Lectura Diversa<\/b>, una estrategia que busca promover espacios educativos y de disfrute, que contribuyan a la formaci\u00f3n sobre diversidades sexuales e identidades de g\u00e9nero, la diversidad \u00e9tnica y cultural, la diversidad funcional, los estilos de vida saludable, la salud mental y el bienestar.<\/p>\n<p>Desde este lugar virtual, nos encontramos para reflexionar, aprender y proponer diferentes tem\u00e1ticas que tienen como fin, aportar al bienestar integral de las personas, con actividades como:<\/p>\n<p>&nbsp;<\/p>\n<p><span style=\"color: #008000;\"><strong>Lecturas a Viva <\/strong><strong>Voz<\/strong><\/span><\/p>\n<div>Nuestras \u201cLecturas a Viva Voz\u201d son experiencias visuales y auditivas donde hemos recopilado cuentos, historias y poemas narrados por nuestros docentes, amigos y estudiantes, y que pueden ser usadas para actividades educativas, laborales, familiares o para el disfrute personal. Tratan de temas desde las diversidades,\u00a0 la salud mental y el bienestar, hasta los derechos humanos, la inclusi\u00f3n y la vida libre de violencias.<\/div>\n<div><\/div>\n<div>Con\u00f3celas<span style=\"color: #008000;\"> <strong><a style=\"color: #008000;\" href=\"https:\/\/linktr.ee\/lecturas_SLD\">AQU\u00cd<\/a><\/strong><\/span><\/div>\n<div><\/div>\n<div><\/div>\n<div><\/div>\n<p><span style=\"color: #008000;\"><strong>Al Taller<\/strong><\/span><\/p>\n<div>Estos espacios de encuentro para el disfrute y la conversaci\u00f3n, vienen dados a trav\u00e9s de metodolog\u00edas experienciales &#8211; vivenciales, en donde buscamos atravesar por el cuerpo, las emociones y la historia personal, cada uno de los aprendizajes y reflexiones que tenemos. Abordamos desde lo te\u00f3rico &#8211; pr\u00e1ctico temas en torno a la salud mental, los v\u00ednculos saludables, las diversidades, los lenguajes art\u00edsticos para la transformaci\u00f3n personal, entre otros temas.<\/div>\n<div>Tenemos un encuentro cada 15 d\u00edas. Puedes inscribirte <span style=\"color: #008000;\"><strong><a style=\"color: #008000;\" href=\"https:\/\/forms.gle\/9RmRoZqDRpqtT7hE8\">AQU\u00cd<\/a> <\/strong><\/span>y revivir los que ya hemos realizado en este <a href=\"https:\/\/linktr.ee\/AlTaller_SLD\"><span style=\"color: #008000;\"><strong>link<\/strong><\/span>.<\/a><\/div>\n<p><span style=\"color: #008000;\"><strong>Facebook Live #DesdeLaSala<\/strong><\/span><\/p>\n<div>\n<div>Nuestros Facebook Live #DesdeLaSala son encuentros en tiempo real con invitados expertos, que nos ense\u00f1an diferentes maneras de pensar y actuar de acuerdo a la pr\u00e1ctica de estilos de vida saludable, el fomento del bienestar integral y el cuidado del otro y del s\u00ed mismo a trav\u00e9s de metodolog\u00edas y herramientas desde el arte, la lectoescritura, el movimiento y muchos m\u00e1s.\u00a0<b><br \/>\n<\/b><\/div>\n<\/div>\n<div>Tenemos una conversaci\u00f3n planeada cada 15 d\u00edas (Transmisi\u00f3n en vivo a trav\u00e9s del perfil de Facebook del Parque de la Vida Medell\u00edn). Tambi\u00e9n puedes revivir nuestros encuentros pasados <span style=\"color: #008000;\"><strong><a style=\"color: #008000;\" href=\"https:\/\/linktr.ee\/FBLive_SLD\">AQU\u00cd<\/a><\/strong><\/span><\/div>\n<div><\/div>\n<div>\n<p><span style=\"color: #008000;\"><strong>La Sala en Territorio<\/strong><\/span><\/p>\n<div>Esta estrategia nace de la posibilidad de llevar nuestros espacios al territorio, acompa\u00f1ando procesos desde la lectura, la escritura creativa y cr\u00edtica, la terapia narrativa y el arte, para fortalecer el bienestar de las comunidades. Si deseas agendar un espacio con nosotros o te gustar\u00eda articularte de alguna manera, puedes enviar un correo a \u00a0<a href=\"mailto:salalecturadiv.pdlv@udea.edu.co\" target=\"_blank\" rel=\"noopener\">salalecturadiv.pdlv@udea.edu.<wbr \/>co<\/a>\u00a0cont\u00e1ndonos un poco sobre lo que tienes en mente.<\/div>\n<\/div>\n<div><\/div>\n<div><strong>\u00a0 \u00a0 \u00a0 \u00a0 \u00a0 \u00a0 \u00a0 \u00a0 \u00a0 \u00a0 \u00a0 \u00a0 \u00a0 \u00a0 \u00a0 \u00a0 \u00a0 \u00a0 \u00a0 \u00a0 \u00a0 \u00a0 \u00a0 \u00a0 \u00a0 \u00a0 \u00a0 \u00a0 \u00a0 \u00a0 \u00a0 \u00a0 \u00a0 \u00a0 \u00a0 \u00a0 \u00a0 \u00a0 \u00a0 \u00a0 \u00a0 \u00a0 \u00a0 \u00a0 \u00a0 \u00a0 \u00a0 \u00a0 \u00a0 \u00a0 \u00a0 \u00a0 \u00a0 \u00a0 \u00a0 \u00a0 \u00a0 \u00a0 \u00a0 \u00a0 \u00a0 \u00a0 \u00a0 \u00a0 \u00a0 \u00a0 \u00a0 \u00a0 \u00a0 \u00a0 \u00a0 \u00a0 \u00a0 \u00a0 \u00a0 \u00a0 \u00a0 \u00a0 \u00a0 \u00a0 \u00a0 \u00a0 \u00a0 \u00a0 \u00a0 \u00a0\u00a0<\/strong><\/div>\n<div><\/div>\n[\/vc_column_text][\/vc_column_inner][vc_column_inner column_padding=&#8221;no-extra-padding&#8221; column_padding_tablet=&#8221;inherit&#8221; column_padding_phone=&#8221;inherit&#8221; column_padding_position=&#8221;all&#8221; column_element_spacing=&#8221;default&#8221; background_color_opacity=&#8221;1&#8243; background_hover_color_opacity=&#8221;1&#8243; column_shadow=&#8221;none&#8221; column_border_radius=&#8221;none&#8221; column_link_target=&#8221;_self&#8221; gradient_direction=&#8221;left_to_right&#8221; overlay_strength=&#8221;0.3&#8243; width=&#8221;1\/3&#8243; tablet_width_inherit=&#8221;default&#8221; animation_type=&#8221;default&#8221; bg_image_animation=&#8221;none&#8221; border_type=&#8221;simple&#8221; column_border_width=&#8221;none&#8221; column_border_style=&#8221;solid&#8221;][vc_column_text]<i class=\"icon-tiny icon-user accent-color\"><\/i>\n<p><strong>Direcci\u00f3n:<\/strong><\/p>\n<p>Carrera 51 D N\u00b0 62-42<br \/>\nAv. Juan del Corral<br \/>\nPrimer Piso del edificio[\/vc_column_text][\/vc_column_inner][\/vc_row_inner][\/tab][tab icon_family=&#8221;none&#8221; title=&#8221;Locales comerciales&#8221; id=&#8221;1718750277030-9&#8243; tab_id=&#8221;1718750277031-7&#8243;][vc_row_inner column_margin=&#8221;default&#8221; column_direction=&#8221;default&#8221; column_direction_tablet=&#8221;default&#8221; column_direction_phone=&#8221;default&#8221; text_align=&#8221;left&#8221; row_position=&#8221;default&#8221; row_position_tablet=&#8221;inherit&#8221; row_position_phone=&#8221;inherit&#8221; overflow=&#8221;visible&#8221; pointer_events=&#8221;all&#8221;][vc_column_inner column_padding=&#8221;no-extra-padding&#8221; column_padding_tablet=&#8221;inherit&#8221; column_padding_phone=&#8221;inherit&#8221; column_padding_position=&#8221;all&#8221; column_element_spacing=&#8221;default&#8221; background_color_opacity=&#8221;1&#8243; background_hover_color_opacity=&#8221;1&#8243; column_shadow=&#8221;none&#8221; column_border_radius=&#8221;none&#8221; column_link_target=&#8221;_self&#8221; gradient_direction=&#8221;left_to_right&#8221; overlay_strength=&#8221;0.3&#8243; width=&#8221;2\/3&#8243; tablet_width_inherit=&#8221;default&#8221; animation_type=&#8221;default&#8221; bg_image_animation=&#8221;none&#8221; border_type=&#8221;simple&#8221; column_border_width=&#8221;none&#8221; column_border_style=&#8221;solid&#8221;][image_with_animation image_url=&#8221;2041&#8243; image_size=&#8221;full&#8221; animation_type=&#8221;entrance&#8221; animation=&#8221;Fade In&#8221; hover_animation=&#8221;none&#8221; alignment=&#8221;&#8221; border_radius=&#8221;none&#8221; box_shadow=&#8221;none&#8221; image_loading=&#8221;default&#8221; max_width=&#8221;100%&#8221; max_width_mobile=&#8221;default&#8221;][vc_column_text]<strong>Locales comerciales<\/strong><\/p>\n<p>&nbsp;<\/p>\n<p>#EnElParque propiciamos espacios para compartir, para el encuentro y el di\u00e1logo, y qu\u00e9 mejor que hacerlo acompa\u00f1ados de un rico caf\u00e9 o disfrutando de un plato saludable y delicioso. Es por eso que actualmente contamos con un local comercial, ubicado en la parte externa del Parque, en los que podr\u00e1s encontrar una variada oferta de productos alimenticios.<\/p>\n<p>&nbsp;<\/p>\n<p><strong>Am\u00e9lie Coffee Shop<\/strong>: Aqu\u00ed podr\u00e1s disfrutar un delicioso caf\u00e9 preparado por baristas expertos, adem\u00e1s de pasteler\u00eda salada y dulce, ensaladas, postres y jugos de frutas. Tel\u00e9fono: 3046050965[\/vc_column_text][\/vc_column_inner][vc_column_inner column_padding=&#8221;no-extra-padding&#8221; column_padding_tablet=&#8221;inherit&#8221; column_padding_phone=&#8221;inherit&#8221; column_padding_position=&#8221;all&#8221; column_element_spacing=&#8221;default&#8221; background_color_opacity=&#8221;1&#8243; background_hover_color_opacity=&#8221;1&#8243; column_shadow=&#8221;none&#8221; column_border_radius=&#8221;none&#8221; column_link_target=&#8221;_self&#8221; gradient_direction=&#8221;left_to_right&#8221; overlay_strength=&#8221;0.3&#8243; width=&#8221;1\/3&#8243; tablet_width_inherit=&#8221;default&#8221; animation_type=&#8221;default&#8221; bg_image_animation=&#8221;none&#8221; border_type=&#8221;simple&#8221; column_border_width=&#8221;none&#8221; column_border_style=&#8221;solid&#8221;][vc_column_text]\n<i class=\"icon-tiny icon-phone accent-color\"><\/i> <b>Am\u00e9lie Coffee Shop:<\/b> Tel\u00e9fono: 3046050965<\/p>\n<hr \/>\n<i class=\"icon-tiny icon-user accent-color\"><\/i> Carrera 51 D N\u00b0 62-42<br \/>\nAv. Juan del Corral<br \/>\nPrimer Piso del edificio[\/vc_column_text][\/vc_column_inner][\/vc_row_inner][\/tab][\/tabbed_section][\/vc_column][\/vc_row][vc_row type=&#8221;in_container&#8221; full_screen_row_position=&#8221;middle&#8221; column_margin=&#8221;default&#8221; column_direction=&#8221;default&#8221; column_direction_tablet=&#8221;default&#8221; column_direction_phone=&#8221;default&#8221; scene_position=&#8221;center&#8221; text_color=&#8221;dark&#8221; text_align=&#8221;left&#8221; row_border_radius=&#8221;none&#8221; row_border_radius_applies=&#8221;bg&#8221; overflow=&#8221;visible&#8221; overlay_strength=&#8221;0.3&#8243; gradient_direction=&#8221;left_to_right&#8221; shape_divider_position=&#8221;bottom&#8221; bg_image_animation=&#8221;none&#8221;][vc_column column_padding=&#8221;no-extra-padding&#8221; column_padding_tablet=&#8221;inherit&#8221; column_padding_phone=&#8221;inherit&#8221; column_padding_position=&#8221;all&#8221; column_element_spacing=&#8221;default&#8221; background_color_opacity=&#8221;1&#8243; background_hover_color_opacity=&#8221;1&#8243; column_shadow=&#8221;none&#8221; column_border_radius=&#8221;none&#8221; column_link_target=&#8221;_self&#8221; max_width_desktop=&#8221;100&#8243; column_position=&#8221;default&#8221; advanced_gradient_angle=&#8221;0&#8243; gradient_direction=&#8221;left_to_right&#8221; overlay_strength=&#8221;0.3&#8243; width=&#8221;1\/1&#8243; tablet_width_inherit=&#8221;default&#8221; tablet_text_alignment=&#8221;default&#8221; phone_text_alignment=&#8221;default&#8221; animation_type=&#8221;default&#8221; bg_image_animation=&#8221;none&#8221; border_type=&#8221;simple&#8221; column_border_width=&#8221;none&#8221; column_border_style=&#8221;solid&#8221; gradient_type=&#8221;default&#8221;][divider line_type=&#8221;No Line&#8221;][\/vc_column][\/vc_row]\n","protected":false},"excerpt":{"rendered":"<p>[vc_row type=&#8221;in_container&#8221; full_screen_row_position=&#8221;middle&#8221; column_margin=&#8221;default&#8221; column_direction=&#8221;default&#8221; column_direction_tablet=&#8221;default&#8221; column_direction_phone=&#8221;default&#8221; bg_color=&#8221;#ffa400&#8243; scene_position=&#8221;center&#8221; bottom_padding=&#8221;0&#8243; top_padding_tablet=&#8221;5&#8243; top_padding_phone=&#8221;5&#8243; text_color=&#8221;dark&#8221; text_align=&#8221;left&#8221; row_border_radius=&#8221;none&#8221; row_border_radius_applies=&#8221;bg&#8221; overflow=&#8221;visible&#8221; advanced_gradient_angle=&#8221;0&#8243; overlay_strength=&#8221;0.3&#8243; gradient_direction=&#8221;left_to_right&#8221; shape_divider_position=&#8221;bottom&#8221; bg_image_animation=&#8221;none&#8221; gradient_type=&#8221;default&#8221; shape_type=&#8221;&#8221;][vc_column column_padding=&#8221;no-extra-padding&#8221; column_padding_tablet=&#8221;inherit&#8221; column_padding_phone=&#8221;inherit&#8221; column_padding_position=&#8221;all&#8221; column_element_spacing=&#8221;default&#8221; background_color=&#8221;#f7f7f7&#8243; background_color_opacity=&#8221;1&#8243; background_hover_color_opacity=&#8221;1&#8243; column_shadow=&#8221;none&#8221; column_border_radius=&#8221;none&#8221; column_link_target=&#8221;_self&#8221; column_position=&#8221;default&#8221; advanced_gradient_angle=&#8221;0&#8243; gradient_direction=&#8221;left_to_right&#8221; overlay_strength=&#8221;0.3&#8243; width=&#8221;1\/1&#8243;&#8230;<\/p>\n","protected":false},"author":1,"featured_media":0,"parent":0,"menu_order":4,"comment_status":"open","ping_status":"open","template":"","meta":{"footnotes":""},"class_list":["post-1345","page","type-page","status-publish"],"_links":{"self":[{"href":"https:\/\/parquedelavida.co\/parquedelavida\/wp-json\/wp\/v2\/pages\/1345","targetHints":{"allow":["GET"]}}],"collection":[{"href":"https:\/\/parquedelavida.co\/parquedelavida\/wp-json\/wp\/v2\/pages"}],"about":[{"href":"https:\/\/parquedelavida.co\/parquedelavida\/wp-json\/wp\/v2\/types\/page"}],"author":[{"embeddable":true,"href":"https:\/\/parquedelavida.co\/parquedelavida\/wp-json\/wp\/v2\/users\/1"}],"replies":[{"embeddable":true,"href":"https:\/\/parquedelavida.co\/parquedelavida\/wp-json\/wp\/v2\/comments?post=1345"}],"version-history":[{"count":46,"href":"https:\/\/parquedelavida.co\/parquedelavida\/wp-json\/wp\/v2\/pages\/1345\/revisions"}],"predecessor-version":[{"id":2654,"href":"https:\/\/parquedelavida.co\/parquedelavida\/wp-json\/wp\/v2\/pages\/1345\/revisions\/2654"}],"wp:attachment":[{"href":"https:\/\/parquedelavida.co\/parquedelavida\/wp-json\/wp\/v2\/media?parent=1345"}],"curies":[{"name":"wp","href":"https:\/\/api.w.org\/{rel}","templated":true}]}}